{"id":287,"date":"2022-04-29T15:42:47","date_gmt":"2022-04-29T15:42:47","guid":{"rendered":"https:\/\/sustainableforall.visitmadeira.com\/contact\/"},"modified":"2025-12-17T15:29:04","modified_gmt":"2025-12-17T15:29:04","slug":"collaborate","status":"publish","type":"page","link":"https:\/\/sustainableforall.visitmadeira.com\/en\/collaborate\/","title":{"rendered":"Collaborate"},"content":{"rendered":"<p>[vc_row equal_height=&#8221;true&#8221; bg_type=&#8221;&#8221; dima_canvas_style=&#8221;&#8221; translate_x=&#8221;0&#8243; dima_z_index=&#8221;0&#8243; delay=&#8221;&#8221; delay_duration=&#8221;&#8221; delay_offset=&#8221;&#8221; id=&#8221;&#8221; class=&#8221;&#8221; border_color=&#8221;&#8221; css=&#8221;.vc_custom_1651592484611{padding-top: 40px !important;padding-right: 20px !important;padding-bottom: 40px !important;padding-left: 40px !important;}&#8221;][vc_column min_height=&#8221;&#8221; bg_type=&#8221;&#8221; dima_canvas_style=&#8221;&#8221; cover=&#8221;true&#8221; cover_color=&#8221;#90d5ac&#8221; translate_x=&#8221;0&#8243; dima_z_index=&#8221;0&#8243; delay=&#8221;&#8221; delay_duration=&#8221;&#8221; delay_offset=&#8221;&#8221; width=&#8221;1\/2&#8243; id=&#8221;&#8221; class=&#8221;&#8221; style=&#8221;&#8221; border_color=&#8221;&#8221; css=&#8221;.vc_custom_1651503489332{padding: 40px !important;}&#8221;]<h3><span style=\"color: #ffffff;\"><strong>Colabore no processo de certifica\u00e7\u00e3o da sustentabilidade da Madeira.<\/strong><\/span><\/h3>\n<p><span style=\"color: #ffffff;\"><strong>A sua colabora\u00e7\u00e3o \u00e9 fundamental.\u00a0<\/strong><\/span><\/p>\n<a   data-direction=\"down\" class=\"dima-button di_white  dima-btn-rounded fill dima-btn-mini\"  href=\"https:\/\/sustainableforall.visitmadeira.com\/wp-content\/uploads\/2025\/02\/MAD14_01-GestaoReclamacoes-3-fev-2025-docx.docx\"  target=\"_blank\" rel=\"noopener\"  >Gest\u00e3o de Sugest\u00f5es e Reclama\u00e7\u00f5es<\/a><div  class=\"dima-clear\" style=\"padding-bottom:50px\"><\/div><p><span style=\"color: #ffffff;\"><strong>Secretaria Regional de Turismo, Ambiente e Cultura\u00a0<\/strong><\/span><\/p>\n<p><span style=\"color: #ffffff;\"><strong>M<\/strong><strong>orada:<br \/>\n<\/strong>Avenida Arriaga, n\u00ba 18<\/span><br \/>\n<span style=\"color: #ffffff;\">9004-519 Funchal<\/span><\/p>\n<p><span style=\"color: #ffffff;\"><strong>Contactos:<br \/>\n<\/strong>T.: ( +351) 291 145 303<\/span><br \/>\n<span style=\"color: #ffffff;\">F.: ( +351) 291 232 151<\/span><br \/>\n<span style=\"color: #ffffff;\">Email: madeirataosustentavel@madeira.gov.pt<\/span><\/p>\n<p><span style=\"color: #ffffff;\">www.madeira.gov.pt\/srtac<\/span><\/p>\n<div  class=\"dima-clear\" style=\"padding-bottom:20px\"><\/div>[vc_row_inner bg_type=&#8221;&#8221; dima_canvas_style=&#8221;&#8221; translate_x=&#8221;0&#8243; dima_z_index=&#8221;0&#8243;][vc_column_inner delay=&#8221;&#8221; delay_duration=&#8221;&#8221; delay_offset=&#8221;&#8221; translate_x=&#8221;0&#8243; dima_z_index=&#8221;0&#8243; width=&#8221;1\/2&#8243;]<div class=\"column-item overflow-hidden text-start columns-2\"><img loading=\"lazy\" decoding=\"async\" width=\"1822\" height=\"308\"  class=\"dima-img \" src=\"https:\/\/sustainableforall.visitmadeira.com\/wp-content\/uploads\/2025\/06\/Logo_DRT_Branco.png\"   alt=\"\"><\/div>[\/vc_column_inner][vc_column_inner delay=&#8221;&#8221; delay_duration=&#8221;&#8221; delay_offset=&#8221;&#8221; translate_x=&#8221;0&#8243; dima_z_index=&#8221;0&#8243; width=&#8221;1\/2&#8243;][\/vc_column_inner][\/vc_row_inner][\/vc_column][vc_column min_height=&#8221;&#8221; bg_type=&#8221;&#8221; dima_canvas_style=&#8221;&#8221; cover=&#8221;true&#8221; cover_color=&#8221;#ffffff&#8221; translate_x=&#8221;0&#8243; dima_z_index=&#8221;0&#8243; delay=&#8221;&#8221; delay_duration=&#8221;&#8221; delay_offset=&#8221;&#8221; width=&#8221;1\/2&#8243; id=&#8221;&#8221; class=&#8221;&#8221; style=&#8221;&#8221; css=&#8221;.vc_custom_1651592445561{padding-top: 40px !important;padding-bottom: 40px !important;padding-left: 40px !important;}&#8221; border_color=&#8221;&#8221;]\n<div class=\"wpcf7 no-js\" id=\"wpcf7-f1198-o1\" lang=\"pt-PT\" dir=\"ltr\" data-wpcf7-id=\"1198\">\n<div class=\"screen-reader-response\"><p role=\"status\" aria-live=\"polite\" aria-atomic=\"true\"><\/p> <ul><\/ul><\/div>\n<form action=\"\/en\/wp-json\/wp\/v2\/pages\/287#wpcf7-f1198-o1\" method=\"post\" class=\"wpcf7-form init\" aria-label=\"Formul\u00e1rio de contacto\" novalidate=\"novalidate\" data-status=\"init\">\n<fieldset class=\"hidden-fields-container\"><input type=\"hidden\" name=\"_wpcf7\" value=\"1198\" \/><input type=\"hidden\" name=\"_wpcf7_version\" value=\"6.1.5\" \/><input type=\"hidden\" name=\"_wpcf7_locale\" value=\"pt_PT\" \/><input type=\"hidden\" name=\"_wpcf7_unit_tag\" value=\"wpcf7-f1198-o1\" \/><input type=\"hidden\" name=\"_wpcf7_container_post\" value=\"0\" \/><input type=\"hidden\" name=\"_wpcf7_posted_data_hash\" value=\"\" \/>\n<\/fieldset>\n<p><label> Nome<br \/>\n<span class=\"wpcf7-form-control-wrap\" data-name=\"your-name\"><input size=\"40\" maxlength=\"400\" class=\"wpcf7-form-control wpcf7-text wpcf7-validates-as-required\" aria-required=\"true\" aria-invalid=\"false\" value=\"\" type=\"text\" name=\"your-name\" \/><\/span> <\/label>\n<\/p>\n<p><label> E-mail<br \/>\n<span class=\"wpcf7-form-control-wrap\" data-name=\"your-email\"><input size=\"40\" maxlength=\"400\" class=\"wpcf7-form-control wpcf7-email wpcf7-validates-as-required wpcf7-text wpcf7-validates-as-email\" aria-required=\"true\" aria-invalid=\"false\" value=\"\" type=\"email\" name=\"your-email\" \/><\/span> <\/label>\n<\/p>\n<p><label> Assunto<br \/>\n<span class=\"wpcf7-form-control-wrap\" data-name=\"menu-357\"><select class=\"wpcf7-form-control wpcf7-select wpcf7-validates-as-required\" aria-required=\"true\" aria-invalid=\"false\" name=\"menu-357\"><option value=\"\"><\/option><option value=\"Pol\u00edtica de Gest\u00e3o da Sustentabilidade\">Pol\u00edtica de Gest\u00e3o da Sustentabilidade<\/option><option value=\"Avalia\u00e7\u00e3o de Riscos\">Avalia\u00e7\u00e3o de Riscos<\/option><option value=\"Plano de A\u00e7\u00e3o\">Plano de A\u00e7\u00e3o<\/option><option value=\"Recurso\">Recurso<\/option><option value=\"Reclama\u00e7\u00e3o\">Reclama\u00e7\u00e3o<\/option><option value=\"Sugest\u00e3o\">Sugest\u00e3o<\/option><option value=\"Outros\">Outros<\/option><\/select><\/span> <\/label>\n<\/p>\n<p><label> Mensagem<br \/>\n<span class=\"wpcf7-form-control-wrap\" data-name=\"your-message\"><textarea cols=\"40\" rows=\"10\" maxlength=\"2000\" class=\"wpcf7-form-control wpcf7-textarea\" aria-invalid=\"false\" name=\"your-message\"><\/textarea><\/span> <\/label>\n<\/p>\n<p><span class=\"wpcf7-form-control-wrap\" data-name=\"acceptance-49\"><span class=\"wpcf7-form-control wpcf7-acceptance\"><span class=\"wpcf7-list-item\"><label><input type=\"checkbox\" name=\"acceptance-49\" value=\"1\" aria-invalid=\"false\" \/><span class=\"wpcf7-list-item-label\">Aceito a <a href=\"https:\/\/sustainableforall.visitmadeira.com\/politica-de-privacidade\/\">pol\u00edtica de privacidade<\/a> e autorizo o tratamento de dados para fins exclusivamente estat\u00edsticos<\/span><\/label><\/span><\/span><\/span>\n<\/p>\n<p><input class=\"wpcf7-form-control wpcf7-submit has-spinner\" type=\"submit\" value=\"Enviar\" \/>\n<\/p><div class=\"wpcf7-response-output\" aria-hidden=\"true\"><\/div>\n<\/form>\n<\/div>\n[\/vc_column][\/vc_row][vc_row disable_element=&#8221;yes&#8221; equal_height=&#8221;true&#8221; bg_type=&#8221;&#8221; dima_canvas_style=&#8221;&#8221; translate_x=&#8221;0&#8243; dima_z_index=&#8221;0&#8243; delay=&#8221;&#8221; delay_duration=&#8221;&#8221; delay_offset=&#8221;&#8221; id=&#8221;&#8221; class=&#8221;&#8221; border_color=&#8221;&#8221; css=&#8221;.vc_custom_1669197771354{padding-top: 40px !important;padding-right: 20px !important;padding-bottom: 40px !important;padding-left: 40px !important;}&#8221;][vc_column min_height=&#8221;&#8221; bg_type=&#8221;&#8221; dima_canvas_style=&#8221;&#8221; cover=&#8221;true&#8221; cover_color=&#8221;#90d5ac&#8221; translate_x=&#8221;0&#8243; dima_z_index=&#8221;0&#8243; delay=&#8221;&#8221; delay_duration=&#8221;&#8221; delay_offset=&#8221;&#8221; width=&#8221;1\/2&#8243; id=&#8221;&#8221; class=&#8221;&#8221; style=&#8221;&#8221; border_color=&#8221;&#8221; css=&#8221;.vc_custom_1651503489332{padding: 40px !important;}&#8221;]<h1><span style=\"color: #ffffff;\">Contactos<\/span><\/h1>\n<p><span style=\"color: #ffffff;\"><strong>SECRETARIA REGIONAL DE TURISMO E CULTURA<\/strong><\/span><\/p>\n<p><span style=\"color: #ffffff;\"><strong>M<\/strong><strong>orada:<br \/>\n<\/strong>Avenida Arriaga, n\u00ba 18<\/span><br \/>\n<span style=\"color: #ffffff;\">9004-519 Funchal<\/span><\/p>\n<p><span style=\"color: #ffffff;\"><strong>Contactos:<br \/>\n<\/strong>T.: ( +351) 291 145 303<\/span><br \/>\n<span style=\"color: #ffffff;\">F.: ( +351) 291 232 151<\/span><br \/>\n<span style=\"color: #ffffff;\">Email: madeirataosustentavel@madeira.gov.pt<\/span><\/p>\n<p><span style=\"color: #ffffff;\">www.madeira.gov.pt\/srtc<\/span><\/p>\n<div  class=\"dima-clear\" style=\"padding-bottom:20px\"><\/div>[vc_row_inner bg_type=&#8221;&#8221; dima_canvas_style=&#8221;&#8221; translate_x=&#8221;0&#8243; dima_z_index=&#8221;0&#8243;][vc_column_inner delay=&#8221;&#8221; delay_duration=&#8221;&#8221; delay_offset=&#8221;&#8221; translate_x=&#8221;0&#8243; dima_z_index=&#8221;0&#8243; width=&#8221;1\/2&#8243;]<div class=\"column-item overflow-hidden text-start columns-2\"><img loading=\"lazy\" decoding=\"async\" width=\"1471\" height=\"307\"  class=\"dima-img \" src=\"https:\/\/sustainableforall.visitmadeira.com\/wp-content\/uploads\/2022\/07\/logo-drtmadeira.png\"   alt=\"\"><\/div>[\/vc_column_inner][vc_column_inner delay=&#8221;&#8221; delay_duration=&#8221;&#8221; delay_offset=&#8221;&#8221; translate_x=&#8221;0&#8243; dima_z_index=&#8221;0&#8243; width=&#8221;1\/2&#8243;][\/vc_column_inner][\/vc_row_inner][\/vc_column][vc_column min_height=&#8221;&#8221; bg_type=&#8221;&#8221; dima_canvas_style=&#8221;&#8221; cover=&#8221;true&#8221; cover_color=&#8221;#ffffff&#8221; translate_x=&#8221;0&#8243; dima_z_index=&#8221;0&#8243; delay=&#8221;&#8221; delay_duration=&#8221;&#8221; delay_offset=&#8221;&#8221; width=&#8221;1\/2&#8243; id=&#8221;&#8221; class=&#8221;&#8221; style=&#8221;&#8221; css=&#8221;.vc_custom_1651592445561{padding-top: 40px !important;padding-bottom: 40px !important;padding-left: 40px !important;}&#8221; border_color=&#8221;&#8221;]\n<div class=\"wpcf7 no-js\" id=\"wpcf7-f1198-o2\" lang=\"pt-PT\" dir=\"ltr\" data-wpcf7-id=\"1198\">\n<div class=\"screen-reader-response\"><p role=\"status\" aria-live=\"polite\" aria-atomic=\"true\"><\/p> <ul><\/ul><\/div>\n<form action=\"\/en\/wp-json\/wp\/v2\/pages\/287#wpcf7-f1198-o2\" method=\"post\" class=\"wpcf7-form init\" aria-label=\"Formul\u00e1rio de contacto\" novalidate=\"novalidate\" data-status=\"init\">\n<fieldset class=\"hidden-fields-container\"><input type=\"hidden\" name=\"_wpcf7\" value=\"1198\" \/><input type=\"hidden\" name=\"_wpcf7_version\" value=\"6.1.5\" \/><input type=\"hidden\" name=\"_wpcf7_locale\" value=\"pt_PT\" \/><input type=\"hidden\" name=\"_wpcf7_unit_tag\" value=\"wpcf7-f1198-o2\" \/><input type=\"hidden\" name=\"_wpcf7_container_post\" value=\"0\" \/><input type=\"hidden\" name=\"_wpcf7_posted_data_hash\" value=\"\" \/>\n<\/fieldset>\n<p><label> Nome<br \/>\n<span class=\"wpcf7-form-control-wrap\" data-name=\"your-name\"><input size=\"40\" maxlength=\"400\" class=\"wpcf7-form-control wpcf7-text wpcf7-validates-as-required\" aria-required=\"true\" aria-invalid=\"false\" value=\"\" type=\"text\" name=\"your-name\" \/><\/span> <\/label>\n<\/p>\n<p><label> E-mail<br \/>\n<span class=\"wpcf7-form-control-wrap\" data-name=\"your-email\"><input size=\"40\" maxlength=\"400\" class=\"wpcf7-form-control wpcf7-email wpcf7-validates-as-required wpcf7-text wpcf7-validates-as-email\" aria-required=\"true\" aria-invalid=\"false\" value=\"\" type=\"email\" name=\"your-email\" \/><\/span> <\/label>\n<\/p>\n<p><label> Assunto<br \/>\n<span class=\"wpcf7-form-control-wrap\" data-name=\"menu-357\"><select class=\"wpcf7-form-control wpcf7-select wpcf7-validates-as-required\" aria-required=\"true\" aria-invalid=\"false\" name=\"menu-357\"><option value=\"\"><\/option><option value=\"Pol\u00edtica de Gest\u00e3o da Sustentabilidade\">Pol\u00edtica de Gest\u00e3o da Sustentabilidade<\/option><option value=\"Avalia\u00e7\u00e3o de Riscos\">Avalia\u00e7\u00e3o de Riscos<\/option><option value=\"Plano de A\u00e7\u00e3o\">Plano de A\u00e7\u00e3o<\/option><option value=\"Recurso\">Recurso<\/option><option value=\"Reclama\u00e7\u00e3o\">Reclama\u00e7\u00e3o<\/option><option value=\"Sugest\u00e3o\">Sugest\u00e3o<\/option><option value=\"Outros\">Outros<\/option><\/select><\/span> <\/label>\n<\/p>\n<p><label> Mensagem<br \/>\n<span class=\"wpcf7-form-control-wrap\" data-name=\"your-message\"><textarea cols=\"40\" rows=\"10\" maxlength=\"2000\" class=\"wpcf7-form-control wpcf7-textarea\" aria-invalid=\"false\" name=\"your-message\"><\/textarea><\/span> <\/label>\n<\/p>\n<p><span class=\"wpcf7-form-control-wrap\" data-name=\"acceptance-49\"><span class=\"wpcf7-form-control wpcf7-acceptance\"><span class=\"wpcf7-list-item\"><label><input type=\"checkbox\" name=\"acceptance-49\" value=\"1\" aria-invalid=\"false\" \/><span class=\"wpcf7-list-item-label\">Aceito a <a href=\"https:\/\/sustainableforall.visitmadeira.com\/politica-de-privacidade\/\">pol\u00edtica de privacidade<\/a> e autorizo o tratamento de dados para fins exclusivamente estat\u00edsticos<\/span><\/label><\/span><\/span><\/span>\n<\/p>\n<p><input class=\"wpcf7-form-control wpcf7-submit has-spinner\" type=\"submit\" value=\"Enviar\" \/>\n<\/p><div class=\"wpcf7-response-output\" aria-hidden=\"true\"><\/div>\n<\/form>\n<\/div>\n[\/vc_column][\/vc_row]<\/p>\n","protected":false},"excerpt":{"rendered":"<p>[vc_row equal_height=&#8221;true&#8221; bg_type=&#8221;&#8221; dima_canvas_style=&#8221;&#8221; translate_x=&#8221;0&#8243; dima_z_index=&#8221;0&#8243; delay=&#8221;&#8221; delay_duration=&#8221;&#8221; delay_offset=&#8221;&#8221; id=&#8221;&#8221; class=&#8221;&#8221; border_color=&#8221;&#8221; css=&#8221;.vc_custom_1651592484611{padding-top: 40px !important;padding-right: 20px !important;padding-bottom: 40px !important;padding-left: 40px !important;}&#8221;][vc_column min_height=&#8221;&#8221; bg_type=&#8221;&#8221; dima_canvas_style=&#8221;&#8221; cover=&#8221;true&#8221; cover_color=&#8221;#90d5ac&#8221; translate_x=&#8221;0&#8243; dima_z_index=&#8221;0&#8243; delay=&#8221;&#8221; delay_duration=&#8221;&#8221; delay_offset=&#8221;&#8221; width=&#8221;1\/2&#8243; id=&#8221;&#8221; class=&#8221;&#8221; style=&#8221;&#8221; border_color=&#8221;&#8221; css=&#8221;.vc_custom_1651503489332{padding: 40px !important;}&#8221;][vc_row_inner bg_type=&#8221;&#8221; dima_canvas_style=&#8221;&#8221; translate_x=&#8221;0&#8243; dima_z_index=&#8221;0&#8243;][vc_column_inner delay=&#8221;&#8221; delay_duration=&#8221;&#8221; delay_offset=&#8221;&#8221; translate_x=&#8221;0&#8243; dima_z_index=&#8221;0&#8243; width=&#8221;1\/2&#8243;][\/vc_column_inner][vc_column_inner delay=&#8221;&#8221; delay_duration=&#8221;&#8221; delay_offset=&#8221;&#8221; translate_x=&#8221;0&#8243; dima_z_index=&#8221;0&#8243; width=&#8221;1\/2&#8243;][\/vc_column_inner][\/vc_row_inner][\/vc_column][vc_column [&hellip;]<\/p>\n","protected":false},"author":1,"featured_media":0,"parent":0,"menu_order":0,"comment_status":"closed","ping_status":"closed","template":"","meta":{"_bbp_topic_count":0,"_bbp_reply_count":0,"_bbp_total_topic_count":0,"_bbp_total_reply_count":0,"_bbp_voice_count":0,"_bbp_anonymous_reply_count":0,"_bbp_topic_count_hidden":0,"_bbp_reply_count_hidden":0,"_bbp_forum_subforum_count":0,"footnotes":""},"class_list":["post-287","page","type-page","status-publish","hentry"],"amp_enabled":false,"_links":{"self":[{"href":"https:\/\/sustainableforall.visitmadeira.com\/en\/wp-json\/wp\/v2\/pages\/287","targetHints":{"allow":["GET"]}}],"collection":[{"href":"https:\/\/sustainableforall.visitmadeira.com\/en\/wp-json\/wp\/v2\/pages"}],"about":[{"href":"https:\/\/sustainableforall.visitmadeira.com\/en\/wp-json\/wp\/v2\/types\/page"}],"author":[{"embeddable":true,"href":"https:\/\/sustainableforall.visitmadeira.com\/en\/wp-json\/wp\/v2\/users\/1"}],"replies":[{"embeddable":true,"href":"https:\/\/sustainableforall.visitmadeira.com\/en\/wp-json\/wp\/v2\/comments?post=287"}],"version-history":[{"count":52,"href":"https:\/\/sustainableforall.visitmadeira.com\/en\/wp-json\/wp\/v2\/pages\/287\/revisions"}],"predecessor-version":[{"id":3101,"href":"https:\/\/sustainableforall.visitmadeira.com\/en\/wp-json\/wp\/v2\/pages\/287\/revisions\/3101"}],"wp:attachment":[{"href":"https:\/\/sustainableforall.visitmadeira.com\/en\/wp-json\/wp\/v2\/media?parent=287"}],"curies":[{"name":"wp","href":"https:\/\/api.w.org\/{rel}","templated":true}]}}