{"id":3184,"date":"2025-12-17T15:00:07","date_gmt":"2025-12-17T15:00:07","guid":{"rendered":"https:\/\/sustainableforall.visitmadeira.com\/event-sustainable\/"},"modified":"2026-04-16T10:17:58","modified_gmt":"2026-04-16T10:17:58","slug":"event-sustainable","status":"publish","type":"page","link":"https:\/\/sustainableforall.visitmadeira.com\/en\/event-sustainable\/","title":{"rendered":"Event + Sustainable"},"content":{"rendered":"<p>[vc_row bg_type=&#8221;&#8221; dima_canvas_style=&#8221;&#8221; translate_x=&#8221;0&#8243; dima_z_index=&#8221;0&#8243; delay=&#8221;&#8221; delay_duration=&#8221;&#8221; delay_offset=&#8221;&#8221; id=&#8221;&#8221; class=&#8221;&#8221; css=&#8221;.vc_custom_1651138008629{margin-bottom: 70px !important;}&#8221; border_color=&#8221;&#8221;][vc_column min_height=&#8221;&#8221; bg_type=&#8221;&#8221; dima_canvas_style=&#8221;&#8221; translate_x=&#8221;0&#8243; dima_z_index=&#8221;0&#8243; delay=&#8221;&#8221; delay_duration=&#8221;&#8221; delay_offset=&#8221;&#8221; width=&#8221;1\/6&#8243;]<div  class=\"dima-clear\" style=\"padding-bottom:20px\"><\/div>[\/vc_column][vc_column min_height=&#8221;&#8221; bg_type=&#8221;&#8221; dima_canvas_style=&#8221;&#8221; translate_x=&#8221;0&#8243; dima_z_index=&#8221;0&#8243; delay=&#8221;&#8221; delay_duration=&#8221;&#8221; delay_offset=&#8221;&#8221; width=&#8221;2\/3&#8243;]<h2 style=\"text-align: center;\">Sustainable Event Certification<\/h2>\n<h4 style=\"text-align: center;\">Demonstration and recognition of commitment to sustainability throughout the entire life cycle of an event, from planning to dismantling.<\/h4>\n[\/vc_column][vc_column min_height=&#8221;&#8221; bg_type=&#8221;&#8221; dima_canvas_style=&#8221;&#8221; translate_x=&#8221;0&#8243; dima_z_index=&#8221;0&#8243; delay=&#8221;&#8221; delay_duration=&#8221;&#8221; delay_offset=&#8221;&#8221; width=&#8221;1\/6&#8243;]<div  class=\"dima-clear\" style=\"padding-bottom:20px\"><\/div>[\/vc_column][\/vc_row][vc_row equal_height=&#8221;true&#8221; content_position=&#8221;center&#8221; bg_type=&#8221;&#8221; dima_canvas_style=&#8221;&#8221; translate_x=&#8221;0&#8243; dima_z_index=&#8221;0&#8243; delay=&#8221;&#8221; delay_duration=&#8221;&#8221; delay_offset=&#8221;&#8221; id=&#8221;&#8221; class=&#8221;&#8221; border_color=&#8221;&#8221;][vc_column min_height=&#8221;&#8221; content_position=&#8221;center&#8221; bg_type=&#8221;&#8221; dima_canvas_style=&#8221;&#8221; translate_x=&#8221;0&#8243; dima_z_index=&#8221;0&#8243; delay=&#8221;&#8221; delay_duration=&#8221;&#8221; delay_offset=&#8221;&#8221; width=&#8221;1\/2&#8243; id=&#8221;&#8221; class=&#8221;&#8221; style=&#8221;&#8221; border_color=&#8221;&#8221;]<h4>The Regional Secretariat for Tourism, Environment and Culture, through the Regional Directorate for Tourism \u2013 Directorate of Tourism Quality Services, is reinforcing the path towards becoming a Sustainable Destination at the Flower Market, continuing the \u201cMore Sustainable Event\u201d certification process<\/h4>\n<h5>Your feedback is essential to help us continue to improve \u2014 we invite you to complete the satisfaction survey below.<\/h5>\n<a data-direction=\"down\" class=\"dima-button di_green  dima-btn-no-rounded fill dima-btn-large float-center\" href=\"https:\/\/forms.cloud.microsoft\/Pages\/ResponsePage.aspx?id=HTktEyJKKUW3ooMz7oh0ECLTR9ALRmZFg0_nCS9qstdUMjhJUEhYVjhTQzg2WDBXTFlIWDk5TTdENC4u\" target=\"_blank\" rel=\"noopener\">Survey<\/a>[\/vc_column][vc_column min_height=&#8221;&#8221; content_position=&#8221;center&#8221; bg_type=&#8221;&#8221; dima_canvas_style=&#8221;&#8221; translate_x=&#8221;0&#8243; dima_z_index=&#8221;0&#8243; delay=&#8221;&#8221; delay_duration=&#8221;&#8221; delay_offset=&#8221;&#8221; width=&#8221;1\/2&#8243; id=&#8221;&#8221; class=&#8221;&#8221; style=&#8221;&#8221; border_color=&#8221;&#8221;]<div class=\"column-item overflow-hidden text-center\"><img loading=\"lazy\" decoding=\"async\" width=\"971\" height=\"647\"  class=\"dima-img \" src=\"https:\/\/sustainableforall.visitmadeira.com\/wp-content\/uploads\/2026\/04\/FF_2026.png\"   alt=\"\"><\/div>[\/vc_column][\/vc_row][vc_row bg_type=&#8221;&#8221; dima_canvas_style=&#8221;&#8221; translate_x=&#8221;0&#8243; dima_z_index=&#8221;0&#8243; delay=&#8221;&#8221; delay_duration=&#8221;&#8221; delay_offset=&#8221;&#8221;][vc_column min_height=&#8221;&#8221; bg_type=&#8221;&#8221; dima_canvas_style=&#8221;&#8221; translate_x=&#8221;0&#8243; dima_z_index=&#8221;0&#8243; delay=&#8221;&#8221; delay_duration=&#8221;&#8221; delay_offset=&#8221;&#8221; width=&#8221;1\/1&#8243;]<div  class=\"dima-clear\" style=\"padding-bottom:15px\"><\/div>[\/vc_column][\/vc_row][vc_row equal_height=&#8221;true&#8221; content_position=&#8221;center&#8221; bg_type=&#8221;&#8221; dima_canvas_style=&#8221;&#8221; translate_x=&#8221;0&#8243; dima_z_index=&#8221;0&#8243; delay=&#8221;&#8221; delay_duration=&#8221;&#8221; delay_offset=&#8221;&#8221; id=&#8221;&#8221; class=&#8221;&#8221; border_color=&#8221;&#8221;][vc_column min_height=&#8221;&#8221; content_position=&#8221;center&#8221; bg_type=&#8221;&#8221; dima_canvas_style=&#8221;&#8221; translate_x=&#8221;0&#8243; dima_z_index=&#8221;0&#8243; delay=&#8221;&#8221; delay_duration=&#8221;&#8221; delay_offset=&#8221;&#8221; width=&#8221;1\/2&#8243; id=&#8221;&#8221; class=&#8221;&#8221; style=&#8221;&#8221; border_color=&#8221;&#8221;]<div class=\"column-item overflow-hidden text-center\"><img loading=\"lazy\" decoding=\"async\" width=\"600\" height=\"470\"  class=\"dima-img \" src=\"https:\/\/sustainableforall.visitmadeira.com\/wp-content\/uploads\/2026\/02\/600x470.jpg\"   alt=\"\"><\/div>[\/vc_column][vc_column min_height=&#8221;&#8221; content_position=&#8221;center&#8221; bg_type=&#8221;&#8221; dima_canvas_style=&#8221;&#8221; translate_x=&#8221;0&#8243; dima_z_index=&#8221;0&#8243; delay=&#8221;&#8221; delay_duration=&#8221;&#8221; delay_offset=&#8221;&#8221; width=&#8221;1\/2&#8243; id=&#8221;&#8221; class=&#8221;&#8221; style=&#8221;&#8221; border_color=&#8221;&#8221;]<h4>The Carnival Market continued to incorporate sustainability criteria, reinforcing its commitment to ensuring the quality of the events it organizes.<\/h4>\n<h5>This initiative promotes the adoption of responsible practices that are in line with the principles of sustainable tourism.<\/h5>\n[\/vc_column][\/vc_row][vc_row equal_height=&#8221;true&#8221; content_position=&#8221;center&#8221; bg_type=&#8221;&#8221; dima_canvas_style=&#8221;&#8221; translate_x=&#8221;0&#8243; dima_z_index=&#8221;0&#8243; delay=&#8221;&#8221; delay_duration=&#8221;&#8221; delay_offset=&#8221;&#8221; id=&#8221;&#8221; class=&#8221;&#8221; border_color=&#8221;&#8221;][vc_column min_height=&#8221;&#8221; content_position=&#8221;center&#8221; bg_type=&#8221;&#8221; dima_canvas_style=&#8221;&#8221; translate_x=&#8221;0&#8243; dima_z_index=&#8221;0&#8243; delay=&#8221;&#8221; delay_duration=&#8221;&#8221; delay_offset=&#8221;&#8221; width=&#8221;1\/2&#8243; id=&#8221;&#8221; class=&#8221;&#8221; style=&#8221;&#8221; border_color=&#8221;&#8221;]<h4>The 2025 Christmas Market marked the start of the integration of sustainability into events organised by the Regional Secretariat for Tourism, Environment and Culture, through its application for the \u201cMore Sustainable Event\u201d certification.<\/h4>\n<h5>Os resultados encontram-se em fase de an\u00e1lise e ser\u00e3o oportunamente disponibilizados nesta p\u00e1gina.<\/h5>\n[\/vc_column][vc_column min_height=&#8221;&#8221; content_position=&#8221;center&#8221; bg_type=&#8221;&#8221; dima_canvas_style=&#8221;&#8221; translate_x=&#8221;0&#8243; dima_z_index=&#8221;0&#8243; delay=&#8221;&#8221; delay_duration=&#8221;&#8221; delay_offset=&#8221;&#8221; width=&#8221;1\/2&#8243; id=&#8221;&#8221; class=&#8221;&#8221; style=&#8221;&#8221; border_color=&#8221;&#8221;]<div class=\"column-item overflow-hidden text-center\"><img loading=\"lazy\" decoding=\"async\" width=\"600\" height=\"470\"  class=\"dima-img \" src=\"https:\/\/sustainableforall.visitmadeira.com\/wp-content\/uploads\/2025\/12\/600x470.jpg\"   alt=\"\"><\/div>[\/vc_column][\/vc_row][vc_row bg_type=&#8221;&#8221; dima_canvas_style=&#8221;&#8221; translate_x=&#8221;0&#8243; dima_z_index=&#8221;0&#8243; delay=&#8221;&#8221; delay_duration=&#8221;&#8221; delay_offset=&#8221;&#8221;][vc_column min_height=&#8221;&#8221; bg_type=&#8221;&#8221; dima_canvas_style=&#8221;&#8221; translate_x=&#8221;0&#8243; dima_z_index=&#8221;0&#8243; delay=&#8221;&#8221; delay_duration=&#8221;&#8221; delay_offset=&#8221;&#8221; width=&#8221;1\/3&#8243;]<h2><span style=\"color: #90d5ac;\">The benefits of this certification.<\/span><\/h2>\n[\/vc_column][vc_column min_height=&#8221;&#8221; bg_type=&#8221;&#8221; dima_canvas_style=&#8221;&#8221; translate_x=&#8221;0&#8243; dima_z_index=&#8221;0&#8243; delay=&#8221;&#8221; delay_duration=&#8221;&#8221; delay_offset=&#8221;&#8221; width=&#8221;2\/3&#8243;][vc_row_inner bg_type=&#8221;&#8221; dima_canvas_style=&#8221;&#8221; translate_x=&#8221;0&#8243; dima_z_index=&#8221;0&#8243;][vc_column_inner delay=&#8221;&#8221; delay_duration=&#8221;&#8221; delay_offset=&#8221;&#8221; translate_x=&#8221;0&#8243; dima_z_index=&#8221;0&#8243; width=&#8221;1\/3&#8243;]<h4><strong><span style=\"color: #0a7b61;\">1.<\/span><\/strong><\/h4>\n<p>Increased efficiency during the design process.<\/p>\n[\/vc_column_inner][vc_column_inner delay=&#8221;&#8221; delay_duration=&#8221;&#8221; delay_offset=&#8221;&#8221; translate_x=&#8221;0&#8243; dima_z_index=&#8221;0&#8243; width=&#8221;1\/3&#8243;]<h4><strong><span style=\"color: #0a7b61;\">2.<\/span><\/strong><\/h4>\n<p>Optimisation of resources used throughout the supply chain.<\/p>\n[\/vc_column_inner][\/vc_row_inner][vc_row_inner bg_type=&#8221;&#8221; dima_canvas_style=&#8221;&#8221; translate_x=&#8221;0&#8243; dima_z_index=&#8221;0&#8243;][vc_column_inner delay=&#8221;&#8221; delay_duration=&#8221;&#8221; delay_offset=&#8221;&#8221; translate_x=&#8221;0&#8243; dima_z_index=&#8221;0&#8243; width=&#8221;1\/3&#8243;]<h4><strong><span style=\"color: #0a7b61;\">3.<\/span><\/strong><\/h4>\n<p class=\"p1\">Identification and mitigation of risks that may affect the environment, human life and\/or property.<\/p>\n[\/vc_column_inner][vc_column_inner delay=&#8221;&#8221; delay_duration=&#8221;&#8221; delay_offset=&#8221;&#8221; translate_x=&#8221;0&#8243; dima_z_index=&#8221;0&#8243; width=&#8221;1\/3&#8243;]<h4><strong><span style=\"color: #0a7b61;\">4.<\/span><\/strong><\/h4>\n<p class=\"p1\">Demonstration of transparency, integrity and commitment.<\/p>\n[\/vc_column_inner][\/vc_row_inner][\/vc_column][\/vc_row]<\/p>\n","protected":false},"excerpt":{"rendered":"<p>[vc_row bg_type=&#8221;&#8221; dima_canvas_style=&#8221;&#8221; translate_x=&#8221;0&#8243; dima_z_index=&#8221;0&#8243; delay=&#8221;&#8221; delay_duration=&#8221;&#8221; delay_offset=&#8221;&#8221; id=&#8221;&#8221; class=&#8221;&#8221; css=&#8221;.vc_custom_1651138008629{margin-bottom: 70px !important;}&#8221; border_color=&#8221;&#8221;][vc_column min_height=&#8221;&#8221; bg_type=&#8221;&#8221; dima_canvas_style=&#8221;&#8221; translate_x=&#8221;0&#8243; dima_z_index=&#8221;0&#8243; delay=&#8221;&#8221; delay_duration=&#8221;&#8221; delay_offset=&#8221;&#8221; width=&#8221;1\/6&#8243;][\/vc_column][vc_column min_height=&#8221;&#8221; bg_type=&#8221;&#8221; dima_canvas_style=&#8221;&#8221; translate_x=&#8221;0&#8243; dima_z_index=&#8221;0&#8243; delay=&#8221;&#8221; delay_duration=&#8221;&#8221; delay_offset=&#8221;&#8221; width=&#8221;2\/3&#8243;][\/vc_column][vc_column min_height=&#8221;&#8221; bg_type=&#8221;&#8221; dima_canvas_style=&#8221;&#8221; translate_x=&#8221;0&#8243; dima_z_index=&#8221;0&#8243; delay=&#8221;&#8221; delay_duration=&#8221;&#8221; delay_offset=&#8221;&#8221; width=&#8221;1\/6&#8243;][\/vc_column][\/vc_row][vc_row equal_height=&#8221;true&#8221; content_position=&#8221;center&#8221; bg_type=&#8221;&#8221; dima_canvas_style=&#8221;&#8221; translate_x=&#8221;0&#8243; dima_z_index=&#8221;0&#8243; delay=&#8221;&#8221; delay_duration=&#8221;&#8221; delay_offset=&#8221;&#8221; id=&#8221;&#8221; class=&#8221;&#8221; border_color=&#8221;&#8221;][vc_column min_height=&#8221;&#8221; content_position=&#8221;center&#8221; [&hellip;]<\/p>\n","protected":false},"author":5,"featured_media":3349,"parent":0,"menu_order":0,"comment_status":"closed","ping_status":"closed","template":"template-no-sidebar.php","meta":{"_bbp_topic_count":0,"_bbp_reply_count":0,"_bbp_total_topic_count":0,"_bbp_total_reply_count":0,"_bbp_voice_count":0,"_bbp_anonymous_reply_count":0,"_bbp_topic_count_hidden":0,"_bbp_reply_count_hidden":0,"_bbp_forum_subforum_count":0,"footnotes":""},"class_list":["post-3184","page","type-page","status-publish","has-post-thumbnail","hentry"],"amp_enabled":true,"_links":{"self":[{"href":"https:\/\/sustainableforall.visitmadeira.com\/en\/wp-json\/wp\/v2\/pages\/3184","targetHints":{"allow":["GET"]}}],"collection":[{"href":"https:\/\/sustainableforall.visitmadeira.com\/en\/wp-json\/wp\/v2\/pages"}],"about":[{"href":"https:\/\/sustainableforall.visitmadeira.com\/en\/wp-json\/wp\/v2\/types\/page"}],"author":[{"embeddable":true,"href":"https:\/\/sustainableforall.visitmadeira.com\/en\/wp-json\/wp\/v2\/users\/5"}],"replies":[{"embeddable":true,"href":"https:\/\/sustainableforall.visitmadeira.com\/en\/wp-json\/wp\/v2\/comments?post=3184"}],"version-history":[{"count":17,"href":"https:\/\/sustainableforall.visitmadeira.com\/en\/wp-json\/wp\/v2\/pages\/3184\/revisions"}],"predecessor-version":[{"id":3362,"href":"https:\/\/sustainableforall.visitmadeira.com\/en\/wp-json\/wp\/v2\/pages\/3184\/revisions\/3362"}],"wp:featuredmedia":[{"embeddable":true,"href":"https:\/\/sustainableforall.visitmadeira.com\/en\/wp-json\/wp\/v2\/media\/3349"}],"wp:attachment":[{"href":"https:\/\/sustainableforall.visitmadeira.com\/en\/wp-json\/wp\/v2\/media?parent=3184"}],"curies":[{"name":"wp","href":"https:\/\/api.w.org\/{rel}","templated":true}]}}